{"id":7441,"date":"2020-06-09T03:19:06","date_gmt":"2020-06-09T00:19:06","guid":{"rendered":"http:\/\/sorciandfofa.com\/iletisim\/"},"modified":"2024-03-29T12:00:44","modified_gmt":"2024-03-29T09:00:44","slug":"iletisim","status":"publish","type":"page","link":"https:\/\/sorciandfofa.com\/tr\/iletisim\/","title":{"rendered":"\u0130LET\u0130\u015e\u0130M"},"content":{"rendered":"<div class=\"wpb-content-wrapper\"><p>[vc_row][vc_column][vc_empty_space][\/vc_column][\/vc_row][vc_row content_placement=&#8221;middle&#8221; el_class=&#8221;px-0 mb-lg-5 pb-md-4&#8243;][vc_column animation_delay=&#8221;100&#8243; offset=&#8221;vc_col-md-6&#8243; css=&#8221;.vc_custom_1711612276951{padding-top: 33vh !important;padding-bottom: 33vh !important;background-image: url(http:\/\/sorciandfofa.com\/wp-content\/uploads\/2024\/03\/Sorciandfofa-11.jpg?id=6722) !important;background-position: center !important;background-repeat: no-repeat !important;background-size: cover !important;}&#8221; el_class=&#8221;section-right-triangle&#8221; animation_type=&#8221;fadeIn&#8221; conditional_render=&#8221;%5B%7B%22value_role%22%3A%22administrator%22%7D%5D&#8221;][\/vc_column][vc_column offset=&#8221;vc_col-md-6&#8243; el_class=&#8221;col-half-section col-fullwidth-md py-5 px-4 px-md-3&#8243;][vc_custom_heading text=&#8221;SORC\u0130 and FOFA&#8221; font_container=&#8221;tag:h3|font_size:1.8em|text_align:left|color:%23000000|line_height:1&#8243; use_theme_fonts=&#8221;yes&#8221; text_transform=&#8221;text-capitalize&#8221; animation_delay=&#8221;200&#8243; el_class=&#8221;mb-2&#8243; animation_type=&#8221;fadeInUp&#8221;][vc_row_inner][vc_column_inner width=&#8221;1\/2&#8243; offset=&#8221;vc_col-lg-6 vc_col-md-12&#8243;]<div class=\"porto-animation\"  data-appear-animation=\"fadeInUp\" data-appear-animation-delay=\"200\"><div class=\"porto-sicon-box  wpb_custom_1efe903570d178ff0a9b7bfa5febd3a4 style_1 default-icon\"><div class=\"porto-sicon-default\"><div class=\"porto-just-icon-wrapper porto-icon advanced\" style=\"color:#1b222a;border-style:solid;border-color:#333333;border-width:2px;width:20px;height:20px;line-height:20px;border-radius:50px;font-size:14px;\"><i class=\"fas fa-map-marker-alt\"><\/i><\/div><\/div><div class=\"porto-sicon-header\"><h3 class=\"porto-sicon-title\" style=\"\">Bursa - T\u00dcRK\u0130YE<\/h3><\/div> <!-- header --><\/div><!-- porto-sicon-box --><\/div><div class=\"porto-animation\"  data-appear-animation=\"fadeInUp\" data-appear-animation-delay=\"300\"><div class=\"porto-sicon-box  wpb_custom_1efe903570d178ff0a9b7bfa5febd3a4 style_1 default-icon\"><div class=\"porto-sicon-default\"><div class=\"porto-just-icon-wrapper porto-icon advanced\" style=\"color:#1b222a;border-style:solid;border-color:#333333;border-width:2px;width:20px;height:20px;line-height:20px;border-radius:50px;font-size:14px;\"><i class=\"fas fa-phone-volume\"><\/i><\/div><\/div><div class=\"porto-sicon-header\"><h3 class=\"porto-sicon-title\" style=\"\">+90 224 211 36 40<\/h3><\/div> <!-- header --><\/div><!-- porto-sicon-box --><\/div><div class=\"porto-animation\"  data-appear-animation=\"fadeInUp\" data-appear-animation-delay=\"400\"><a class=\"porto-sicon-box-link\" href=\"http:\/\/http\"><div class=\"porto-sicon-box  wpb_custom_1efe903570d178ff0a9b7bfa5febd3a4 style_1 default-icon\"><div class=\"porto-sicon-default\"><div class=\"porto-just-icon-wrapper porto-icon advanced\" style=\"color:#1b222a;border-style:solid;border-color:#333333;border-width:2px;width:20px;height:20px;line-height:20px;border-radius:50px;font-size:14px;\"><i class=\"far fa-envelope\"><\/i><\/div><\/div><div class=\"porto-sicon-header\"><h3 class=\"porto-sicon-title\" style=\"\">info@sorciandfofa.com<\/h3><\/div> <!-- header --><\/div><!-- porto-sicon-box --><\/a><\/div>[\/vc_column_inner][vc_column_inner width=&#8221;1\/2&#8243; offset=&#8221;vc_col-lg-6 vc_col-md-12&#8243;]<div class=\"porto-animation\"  data-appear-animation=\"fadeInUp\" data-appear-animation-delay=\"500\"><a class=\"porto-sicon-box-link\" href=\"https:\/\/www.facebook.com\/sorciandfofa\/\"><div class=\"porto-sicon-box  wpb_custom_1efe903570d178ff0a9b7bfa5febd3a4 style_1 default-icon\"><div class=\"porto-sicon-default\"><div class=\"porto-just-icon-wrapper porto-icon advanced\" style=\"color:#1b222a;border-style:solid;border-color:#333333;border-width:2px;width:20px;height:20px;line-height:20px;border-radius:50px;font-size:14px;\"><i class=\"fab fa-facebook-f\"><\/i><\/div><\/div><div class=\"porto-sicon-header\"><h3 class=\"porto-sicon-title\" style=\"\">Facebook<\/h3><\/div> <!-- header --><\/div><!-- porto-sicon-box --><\/a><\/div><div class=\"porto-animation\"  data-appear-animation=\"fadeInUp\" data-appear-animation-delay=\"600\"><a class=\"porto-sicon-box-link\" href=\"https:\/\/twitter.com\/sorciandfofa\"><div class=\"porto-sicon-box  wpb_custom_1efe903570d178ff0a9b7bfa5febd3a4 style_1 default-icon\"><div class=\"porto-sicon-default\"><div class=\"porto-just-icon-wrapper porto-icon advanced\" style=\"color:#1b222a;border-style:solid;border-color:#333333;border-width:2px;width:20px;height:20px;line-height:20px;border-radius:50px;font-size:14px;\"><i class=\"fab fa-twitter\"><\/i><\/div><\/div><div class=\"porto-sicon-header\"><h3 class=\"porto-sicon-title\" style=\"\">Twitter<\/h3><\/div> <!-- header --><\/div><!-- porto-sicon-box --><\/a><\/div><div class=\"porto-animation\"  data-appear-animation=\"fadeInUp\" data-appear-animation-delay=\"700\"><a class=\"porto-sicon-box-link\" href=\"https:\/\/www.instagram.com\/sorciandfofa\/\"><div class=\"porto-sicon-box  wpb_custom_1efe903570d178ff0a9b7bfa5febd3a4 style_1 default-icon\"><div class=\"porto-sicon-default\"><div class=\"porto-just-icon-wrapper porto-icon advanced\" style=\"color:#1b222a;border-style:solid;border-color:#333333;border-width:2px;width:20px;height:20px;line-height:20px;border-radius:50px;font-size:14px;\"><i class=\"fab fa-instagram\"><\/i><\/div><\/div><div class=\"porto-sicon-header\"><h3 class=\"porto-sicon-title\" style=\"\">Instagram<\/h3><\/div> <!-- header --><\/div><!-- porto-sicon-box --><\/a><\/div>[\/vc_column_inner][\/vc_row_inner][\/vc_column][\/vc_row][vc_row wrap_container=&#8221;yes&#8221; el_class=&#8221;py-5&#8243;][vc_column][vc_separator color=&#8221;custom&#8221; style=&#8221;solid&#8221; el_class=&#8221;my-5&#8243;][vc_custom_heading text=&#8221;\u0130leti\u015fim Formu&#8221; font_container=&#8221;tag:h3|text_align:left|line_height:1&#8243; use_theme_fonts=&#8221;yes&#8221; el_class=&#8221;mb-2 mt-3&#8243;][vc_column_text]<span style=\"color: #000000;\">Sipari\u015fleriniz hakk\u0131nda bilgi almak i\u00e7in g\u00f6r\u00fc\u015f ve \u00f6nerilerinizi a\u015fa\u011f\u0131daki formu doldurarak bize yazabilir veya 8:30 &#8211; 17:30 saatleri aras\u0131nda ileti\u015fim telefon numaralar\u0131ndan bize ula\u015fabilirsiniz.<\/span>[\/vc_column_text]\n<div class=\"wpcf7 no-js\" id=\"wpcf7-f6727-o1\" lang=\"tr-TR\" dir=\"ltr\">\n<div class=\"screen-reader-response\"><p role=\"status\" aria-live=\"polite\" aria-atomic=\"true\"><\/p> <ul><\/ul><\/div>\n<form action=\"\/tr\/wp-json\/wp\/v2\/pages\/7441#wpcf7-f6727-o1\" method=\"post\" class=\"wpcf7-form init\" aria-label=\"Contact form\" novalidate=\"novalidate\" data-status=\"init\">\n<div style=\"display: none;\">\n<input type=\"hidden\" name=\"_wpcf7\" value=\"6727\" \/>\n<input type=\"hidden\" name=\"_wpcf7_version\" value=\"5.9.3\" \/>\n<input type=\"hidden\" name=\"_wpcf7_locale\" value=\"tr_TR\" \/>\n<input type=\"hidden\" name=\"_wpcf7_unit_tag\" value=\"wpcf7-f6727-o1\" \/>\n<input type=\"hidden\" name=\"_wpcf7_container_post\" value=\"0\" \/>\n<input type=\"hidden\" name=\"_wpcf7_posted_data_hash\" value=\"\" \/>\n<\/div>\n<div class=\"form-row row\">\n\t<div class=\"form-group col-lg-6\">\n\t\t<p><span class=\"wpcf7-form-control-wrap\" data-name=\"your-name\"><input size=\"40\" class=\"wpcf7-form-control wpcf7-text wpcf7-validates-as-required form-control\" id=\"contact-name\" aria-required=\"true\" aria-invalid=\"false\" placeholder=\"Name surname\" value=\"\" type=\"text\" name=\"your-name\" \/><\/span>\n\t\t<\/p>\n\t<\/div>\n\t<div class=\"form-group col-lg-6\">\n\t\t<p><span class=\"wpcf7-form-control-wrap\" data-name=\"your-email\"><input size=\"40\" class=\"wpcf7-form-control wpcf7-email wpcf7-validates-as-required wpcf7-text wpcf7-validates-as-email form-control\" id=\"contact-email\" aria-required=\"true\" aria-invalid=\"false\" placeholder=\"E-mail\" value=\"\" type=\"email\" name=\"your-email\" \/><\/span>\n\t\t<\/p>\n\t<\/div>\n<\/div>\n<div class=\"form-group\">\n\t<p><span class=\"wpcf7-form-control-wrap\" data-name=\"your-subject\"><input size=\"40\" class=\"wpcf7-form-control wpcf7-text form-control\" id=\"contact-subject\" aria-invalid=\"false\" placeholder=\"subject\" value=\"\" type=\"text\" name=\"your-subject\" \/><\/span>\n\t<\/p>\n<\/div>\n<div class=\"form-group\">\n\t<p><span class=\"wpcf7-form-control-wrap\" data-name=\"your-message\"><textarea cols=\"40\" rows=\"5\" class=\"wpcf7-form-control wpcf7-textarea form-control\" id=\"contact-message\" aria-invalid=\"false\" placeholder=\"Message\" name=\"your-message\"><\/textarea><\/span>\n\t<\/p>\n<\/div>\n<div class=\"form-group\">\n\t<p><input class=\"wpcf7-form-control wpcf7-submit has-spinner btn btn-modern btn-lg btn-primary\" type=\"submit\" value=\"Send\" \/>\n\t<\/p>\n<\/div><div class=\"wpcf7-response-output\" aria-hidden=\"true\"><\/div>\n<\/form>\n<\/div>\n[\/vc_column][\/vc_row]<\/p>\n<\/div>","protected":false},"excerpt":{"rendered":"<p>[vc_row][vc_column][vc_empty_space][\/vc_column][\/vc_row][vc_row content_placement=&#8221;middle&#8221; el_class=&#8221;px-0 mb-lg-5 pb-md-4&#8243;][vc_column animation_delay=&#8221;100&#8243; offset=&#8221;vc_col-md-6&#8243; css=&#8221;.vc_custom_1711612276951{padding-top: 33vh !important;padding-bottom: 33vh !important;background-image: url(http:\/\/sorciandfofa.com\/wp-content\/uploads\/2024\/03\/Sorciandfofa-11.jpg?id=6722) !important;background-position: center !important;background-repeat: no-repeat !important;background-size: cover !important;}&#8221; el_class=&#8221;section-right-triangle&#8221; animation_type=&#8221;fadeIn&#8221; conditional_render=&#8221;%5B%7B%22value_role%22%3A%22administrator%22%7D%5D&#8221;][\/vc_column][vc_column offset=&#8221;vc_col-md-6&#8243; el_class=&#8221;col-half-section col-fullwidth-md py-5 px-4 px-md-3&#8243;][vc_custom_heading text=&#8221;SORC\u0130 and FOFA&#8221; font_container=&#8221;tag:h3|font_size:1.8em|text_align:left|color:%23000000|line_height:1&#8243; use_theme_fonts=&#8221;yes&#8221; text_transform=&#8221;text-capitalize&#8221; animation_delay=&#8221;200&#8243; el_class=&#8221;mb-2&#8243; animation_type=&#8221;fadeInUp&#8221;][vc_row_inner][vc_column_inner width=&#8221;1\/2&#8243; offset=&#8221;vc_col-lg-6 vc_col-md-12&#8243;][\/vc_column_inner][vc_column_inner width=&#8221;1\/2&#8243; offset=&#8221;vc_col-lg-6 vc_col-md-12&#8243;][\/vc_column_inner][\/vc_row_inner][\/vc_column][\/vc_row][vc_row wrap_container=&#8221;yes&#8221; el_class=&#8221;py-5&#8243;][vc_column][vc_separator color=&#8221;custom&#8221; style=&#8221;solid&#8221; el_class=&#8221;my-5&#8243;][vc_custom_heading text=&#8221;\u0130leti\u015fim Formu&#8221; font_container=&#8221;tag:h3|text_align:left|line_height:1&#8243; use_theme_fonts=&#8221;yes&#8221; el_class=&#8221;mb-2 mt-3&#8243;][vc_column_text]Sipari\u015fleriniz [&hellip;]<\/p>\n","protected":false},"author":1,"featured_media":0,"parent":0,"menu_order":10,"comment_status":"closed","ping_status":"closed","template":"","meta":{"footnotes":""},"class_list":["post-7441","page","type-page","status-publish","hentry"],"_links":{"self":[{"href":"https:\/\/sorciandfofa.com\/tr\/wp-json\/wp\/v2\/pages\/7441"}],"collection":[{"href":"https:\/\/sorciandfofa.com\/tr\/wp-json\/wp\/v2\/pages"}],"about":[{"href":"https:\/\/sorciandfofa.com\/tr\/wp-json\/wp\/v2\/types\/page"}],"author":[{"embeddable":true,"href":"https:\/\/sorciandfofa.com\/tr\/wp-json\/wp\/v2\/users\/1"}],"replies":[{"embeddable":true,"href":"https:\/\/sorciandfofa.com\/tr\/wp-json\/wp\/v2\/comments?post=7441"}],"version-history":[{"count":2,"href":"https:\/\/sorciandfofa.com\/tr\/wp-json\/wp\/v2\/pages\/7441\/revisions"}],"predecessor-version":[{"id":7443,"href":"https:\/\/sorciandfofa.com\/tr\/wp-json\/wp\/v2\/pages\/7441\/revisions\/7443"}],"wp:attachment":[{"href":"https:\/\/sorciandfofa.com\/tr\/wp-json\/wp\/v2\/media?parent=7441"}],"curies":[{"name":"wp","href":"https:\/\/api.w.org\/{rel}","templated":true}]}}