{"id":7405,"date":"2021-04-14T14:58:04","date_gmt":"2021-04-14T11:58:04","guid":{"rendered":"http:\/\/sorciandfofa.com\/gizlilik-politikasi\/"},"modified":"2024-03-29T11:45:04","modified_gmt":"2024-03-29T08:45:04","slug":"gizlilik-politikasi","status":"publish","type":"page","link":"https:\/\/sorciandfofa.com\/tr\/gizlilik-politikasi\/","title":{"rendered":"Gizlilik Politikas\u0131"},"content":{"rendered":"<div class=\"wpb-content-wrapper\"><p>[vc_row][vc_column][vc_column_text]<strong>G\u0130ZL\u0130L\u0130K POL\u0130T\u0130KASI <\/strong><\/p>\n<p><strong> <\/strong><\/p>\n<p><strong> <\/strong><\/p>\n<p><strong> <\/strong><\/p>\n<p>De\u011ferli Site Ziyaret\u00e7ilerimiz, M\u00fc\u015fterilerimiz ve \u00dcyelerimiz<\/p>\n<p>&nbsp;<\/p>\n<p>________________________ (<strong>\u201cSorci ve Fofa\u201d<\/strong> ve\/ veya <strong>\u201c\u015eirketimi\u201d<\/strong>) olarak sizlerin, site ziyaret\u00e7ilerimizin, \u00fcyelerimizin ve m\u00fc\u015fterilerimizin (bundan b\u00f6yle \u201c\u0130lgili Ki\u015fi(ler) olarak an\u0131lacakt\u0131r) ki\u015fisel verilerinin a\u015fa\u011f\u0131da belirtilenler uyar\u0131nca i\u015flenmesine b\u00fcy\u00fck \u00f6nem vermekteyiz. 6698 say\u0131l\u0131 Ki\u015fisel Verilerin Korunmas\u0131 Kanunu (<strong>\u201cKanun\u201d<\/strong>) ve veri g\u00fcvenli\u011finin sa\u011flanmas\u0131. Bu do\u011frultuda Sorci ve Fofa ile ili\u015fkili t\u00fcm ger\u00e7ek ki\u015filere ait her t\u00fcrl\u00fc ki\u015fisel verinin hukuk kapsam\u0131nda i\u015flenmesi ve korunmas\u0131 i\u00e7in gerekli teknik ve idari tedbirleri almaktay\u0131z. Ki\u015fisel Veriler Kanun ve ilgili di\u011fer mevzuata uygun olarak a\u015fa\u011f\u0131da belirtilen haller kapsam\u0131nda i\u015flenmektedir. Kanun kapsam\u0131nda verileri i\u015flenen ger\u00e7ek ki\u015filer, bu ayd\u0131nlatma metnini inceleyerek, veri sorumlusu olarak Sorci ve Fofa taraf\u0131ndan toplanan ki\u015fisel verilerin neler oldu\u011fu, i\u015flenme ama\u00e7lar\u0131, aktar\u0131labilece\u011fi ki\u015filer, toplanma durumlar\u0131 hakk\u0131nda haklar\u0131n\u0131za ili\u015fkin bilgi edinebilir. y\u00f6ntem ve hukuki sebepler.<\/p>\n<p>&nbsp;<\/p>\n<p><strong>SORC\u0130 VE FOFA TARAFINDAN \u0130\u015eLENEN K\u0130\u015e\u0130SEL VER\u0130LER<\/strong><\/p>\n<p>&nbsp;<\/p>\n<p>Ger\u00e7ekle\u015fmi\u015f olsun ya da olmas\u0131n, Ad, soyad, e-posta adresi, posta adresi (ev ve\/veya i\u015f yeri), telefon numaras\u0131, faks numaras\u0131, cep telefonu numaras\u0131, do\u011fum tarihi, TR dahil ancak bunlarla s\u0131n\u0131rl\u0131 olmamak \u00fczere al\u0131\u015fveri\u015finizle ilgili bilgiler Kimlik no, cinsiyet bilgisi, banka hesap bilgisi, IBAN kodu, medeni durum, al\u0131\u015fveri\u015f ge\u00e7mi\u015finiz ve \u00f6deme y\u00f6nteminiz, pazarlama ve ileti\u015fim tercihleriniz, konum bilgisi, incelenen \u00fcr\u00fcnler, al\u0131\u015fveri\u015f konusu \u00fcr\u00fcn, tutar bilgisi.<\/p>\n<p><strong> <\/strong><\/p>\n<p><strong>T\u0130CAR\u0130 ELEKTRON\u0130K MESAJLAR<\/strong><\/p>\n<p>&nbsp;<\/p>\n<p>Onay vermeniz halinde, do\u011frudan pazarlama y\u00f6ntemleriyle (\u00f6rn: telefon, e-posta, SMS, sosyal a\u011f, posta) \u00fcr\u00fcnlerimize ve kampanyalar\u0131m\u0131za ili\u015fkin g\u00fcncelleme ve teklifleri taraf\u0131n\u0131za sunabiliriz.<\/p>\n<p>E-posta, mesaj veya di\u011fer do\u011frudan pazarlama faaliyetleri kapsam\u0131nda sizinle ileti\u015fime ge\u00e7ildi\u011finde, size her zaman &#8220;\u00e7\u0131k\u0131\u015f yapma&#8221; se\u00e7ene\u011fi sunulacakt\u0131r. \u0130stedi\u011finiz zaman bizimle ileti\u015fime ge\u00e7ebilir ve pazarlama tercihlerinizi de\u011fi\u015ftirebilirsiniz. 6563 say\u0131l\u0131 Elektronik Ticaretin D\u00fczenlenmesi Hakk\u0131nda Kanun uyar\u0131nca onay\u0131n geri al\u0131nmas\u0131na ili\u015fkin kay\u0131tlar 1 y\u0131l s\u00fcreyle, ticari elektronik iletinin i\u00e7eri\u011fine ve g\u00f6nderiye ili\u015fkin her t\u00fcrl\u00fc kay\u0131t ise 1 y\u0131l s\u00fcreyle saklanacakt\u0131r. \u0130lgili bakanl\u0131\u011fa sunulmak \u00fczere 3 y\u0131l.<\/p>\n<p>Belirtilen s\u00fcrenin bitiminde ki\u015fisel verileriniz Sorci ve Fofa taraf\u0131ndan veya talebiniz \u00fczerine silinecek, yok edilecek veya anonim hale getirilecektir.<\/p>\n<p>&nbsp;<\/p>\n<p><strong>KRED\u0130 KARTI G\u00dcVENL\u0130\u011e\u0130<\/strong><\/p>\n<p>&nbsp;<\/p>\n<p>\u00d6deme sayfas\u0131nda kredi kart\u0131n\u0131za ait istenen bilgiler, siz de\u011ferli m\u00fc\u015fterilerimizin sitemizden al\u0131\u015fveri\u015flerinin g\u00fcvenli\u011fini en \u00fcst seviyede tutmak amac\u0131yla hi\u00e7bir \u015fekilde <a href=\"http:\/\/www._______________.com\">www._______________.com<\/a>veya ona hizmet veren firmalar\u0131n sunucular\u0131nda tutulmamaktad\u0131r.<\/p>\n<p>&nbsp;<\/p>\n<p><strong>K\u0130\u015e\u0130SEL VER\u0130LER\u0130N KORUNMASI VE G\u0130ZL\u0130L\u0130K<\/strong><\/p>\n<p>&nbsp;<\/p>\n<p>\u0130lgili ki\u015filer taraf\u0131ndan sisteme girilen bilgilere yaln\u0131zca ilgili ki\u015filer eri\u015febilir ve bu veriler yaln\u0131zca ilgili ki\u015filer taraf\u0131ndan de\u011fi\u015ftirilebilir. Ba\u015fkalar\u0131n\u0131n bu verilere ula\u015fmas\u0131 ve bunlar\u0131 de\u011fi\u015ftirmesi m\u00fcmk\u00fcn de\u011fildir.<\/p>\n<p>Yukar\u0131da belirtilen hususlar, kanunlar, yapt\u0131r\u0131mlar, gizlilik politikam\u0131z ve sorumluluklar\u0131m\u0131z kapsam\u0131nda verileriniz hi\u00e7bir \u015fekilde onay\u0131n\u0131z olmadan \u00fc\u00e7\u00fcnc\u00fc ki\u015filere aktar\u0131lmamaktad\u0131r.<\/p>\n<p>Bununla birlikte verileriniz yasal y\u00fck\u00fcml\u00fcl\u00fcklerimiz gere\u011fi mahkemeler ve di\u011fer kamu kurumlar\u0131yla payla\u015f\u0131lmakta ve ilgili kanunlarca k\u0131s\u0131tlanmaktad\u0131r.<\/p>\n<p>&nbsp;<\/p>\n<p><strong>K\u0130\u015e\u0130SEL VER\u0130LER\u0130N KULLANIMI<\/strong><\/p>\n<p>&nbsp;<\/p>\n<p>Ki\u015fisel verileriniz \u00f6zellikle a\u015fa\u011f\u0131daki ama\u00e7larla kullan\u0131lmaktad\u0131r:<\/p>\n<p>&nbsp;<\/p>\n<ul>\n<li>T\u00fcketicinin Korunmas\u0131 Hakk\u0131nda Kanun ve Mesafeli S\u00f6zle\u015fmeler Y\u00f6netmeli\u011fi kapsam\u0131nda akdedilen s\u00f6zle\u015fmelerin h\u00fck\u00fcm ve ko\u015fullar\u0131, g\u00fcncel durumu ve g\u00fcncellemeleri ile ilgili olarak m\u00fc\u015fterilerimizle ileti\u015fim kurmak ve gerekli bilgileri sa\u011flamak.<\/li>\n<li>T\u00fcketicinin Korunmas\u0131 Hakk\u0131nda Kanun ve Mesafeli S\u00f6zle\u015fmeler Y\u00f6netmeli\u011fi kapsam\u0131nda akdedilen s\u00f6zle\u015fmeler uyar\u0131nca \u00fcstlenilen y\u00fck\u00fcml\u00fcl\u00fckleri yerine getirmek<\/li>\n<li>M\u00fc\u015fterilerimizin al\u0131\u015fveri\u015f deneyimlerini dikkate alarak, m\u00fc\u015fterilerimizin ilgi duyabilecekleri \u00fcr\u00fcnlerle ilgili rehberlik sa\u011flamak ve kampanyalar\u0131m\u0131z hakk\u0131nda onlar\u0131 bilgilendirmek.<\/li>\n<li>M\u00fc\u015fteri memnuniyetini art\u0131rmak, web sitesi ve\/veya mobil uygulamalardan al\u0131\u015fveri\u015f yapan m\u00fc\u015fterilerimizi tan\u0131mak ve onlara m\u00fc\u015fteri ortam\u0131 analizi ve \u00e7e\u015fitli reklam ve pazarlama faaliyetleri i\u00e7in dava a\u00e7mak ve bu konuda anla\u015fmal\u0131 kurumlar arac\u0131l\u0131\u011f\u0131yla elektronik ve\/veya fiziki ortamda anketler d\u00fczenlemek.<\/li>\n<li>Hizmetlerimizle ilgili m\u00fc\u015fteri \u015fikayet ve \u00f6nerilerini de\u011ferlendirmek<\/li>\n<li>Yasal y\u00fck\u00fcml\u00fcl\u00fcklerimizi yerine getirmek ve y\u00fcr\u00fcrl\u00fckteki mevzuattan kaynaklanan haklar\u0131m\u0131z\u0131 kullanmak<\/li>\n<\/ul>\n<p><strong> <\/strong><\/p>\n<p><strong>\u0130Z\u0130N<\/strong><\/p>\n<p>&nbsp;<\/p>\n<p>Sorci ve Fofa, al\u0131nan a\u00e7\u0131k r\u0131zan\u0131n en \u00f6nemli gizlilik ilkelerinden biri oldu\u011funa inan\u0131yor. Ki\u015fisel verilerinizi bize veya di\u011fer i\u015f ortaklar\u0131m\u0131za a\u00e7\u0131klamama hakk\u0131na sahipsiniz. Ancak bu durumda web sitemizin baz\u0131 b\u00f6l\u00fcmlerine eri\u015fmeniz, bizden herhangi bir ileti\u015fim veya olas\u0131 hizmet alman\u0131z m\u00fcmk\u00fcn olmayacakt\u0131r. Baz\u0131 belirli ileti\u015fim ve hizmetler i\u00e7in, talep etti\u011finiz hizmetleri size sunmaya ba\u015flamadan \u00f6nce a\u00e7\u0131k izninizi do\u011frulat\u0131yoruz. Taraf\u0131m\u0131zca sunulan bu t\u00fcr ileti\u015fimleri ve hizmetleri sonland\u0131rmak istemeniz durumunda, web sitemizdeki tercihlerinizi de\u011fi\u015ftirebilir veya size bir e-posta iletmemiz durumunda, her e-postada yer alan ba\u011flant\u0131ya t\u0131klayarak bu konuyla ilgili \u00fcyeli\u011fi iptal edebilirsiniz. belirli hizmetler veya da\u011f\u0131t\u0131mlar ve\/veya size g\u00f6nderilen SMS&#8217;te belirtilen numaraya k\u0131sa mesaj g\u00f6nderebilirsiniz.<\/p>\n<p>&nbsp;<\/p>\n<p>&nbsp;<\/p>\n<p><strong>B\u0130LD\u0130R\u0130M<\/strong><\/p>\n<p>&nbsp;<\/p>\n<p>Ki\u015fisel verileri do\u011frudan ki\u015filerden elde etti\u011fimiz Sorci ve Fofa olarak, bu ki\u015fileri, toplanan bilgilerin amac\u0131 ve kullan\u0131m s\u00fcresi ile varsa se\u00e7enekler ve ara\u00e7lar konusunda bilgilendirir, ki\u015fisel verilerin kullan\u0131m\u0131n\u0131n k\u0131s\u0131tlanmas\u0131 ve if\u015fa edilmesine ili\u015fkin se\u00e7enekler sunar\u0131z. veri.<\/p>\n<p>Ki\u015filerden bilgi istedi\u011fimizde bildirimlerimiz a\u00e7\u0131k ve sade bir dille yap\u0131lmaktad\u0131r. Sorci ve Fofa, bu bilgileri ilk topland\u0131klar\u0131nda bildirilen ama\u00e7 d\u0131\u015f\u0131nda kullanmayacak, payla\u015fmayacak veya if\u015fa etmeyecektir.<\/p>\n<p>&nbsp;<\/p>\n<p><strong>K\u0130\u015e\u0130SEL VER\u0130LER\u0130N KORUNMASINA \u0130L\u0130\u015eK\u0130N HAKLARINIZ<\/strong><\/p>\n<p><strong> <\/strong><\/p>\n<p>Ki\u015fisel veri sahibi olarak Sorci ve Fofa&#8217;ya ba\u015fvurma ve <strong>i) Ki\u015fisel verilerinizin i\u015flenip i\u015flenmedi\u011fini \u00f6\u011frenme<\/strong> <strong>ii)<\/strong>e\u011fer \u00f6yleyse, bununla ilgili bilgi isteyin <strong>iii)<\/strong> ki\u015fisel verilerinizin i\u015flenme amac\u0131n\u0131 ve amac\u0131na uygun kullan\u0131l\u0131p kullan\u0131lmad\u0131\u011f\u0131n\u0131 \u00f6\u011frenme <strong>iv)<\/strong> yurt i\u00e7inde ve yurt d\u0131\u015f\u0131nda ki\u015fisel verilerinizin aktar\u0131ld\u0131\u011f\u0131 ki\u015fileri bilme <strong>v)<\/strong>Ki\u015fisel verilerinizin eksik veya yanl\u0131\u015f i\u015flenmi\u015f olmas\u0131 halinde bunlar\u0131n onar\u0131lmas\u0131n\u0131 isteme, <strong>vi)<\/strong> Maddesinde belirtilen \u015fartlar kapsam\u0131nda ki\u015fisel verilerinizin silinmesini veya yok edilmesini isteme, kanunun 7&#8217;si <strong>vii)<\/strong>Ki\u015fisel verilerinizin silinmesi, d\u00fczeltilmesi veya yok edilmesi talebinde bulunulmas\u0131 halinde, ki\u015fisel verilerinizin aktar\u0131ld\u0131\u011f\u0131 \u00fc\u00e7\u00fcnc\u00fc ki\u015filere yap\u0131lan i\u015flemden haberdar edilmesini talep etme <strong>viii)<\/strong> \u0130\u015flenen ki\u015fisel verilerinizin otomatik sistemler vas\u0131tas\u0131yla analiz edilmesi suretiyle aleyhinize bir sonucun ortaya \u00e7\u0131kmas\u0131na itiraz etme ve <strong>ix)<\/strong> ki\u015fisel verilerinizin kanuna ayk\u0131r\u0131 olarak i\u015flenmesi sebebiyle zarara u\u011framan\u0131z halinde zarar\u0131n\u0131z\u0131n giderilmesini talep etme<\/p>\n<p>&nbsp;<\/p>\n<p>Yukar\u0131da belirtilen haklar\u0131n\u0131z\u0131n kullan\u0131lmas\u0131na ili\u015fkin taleplerinizi, \u015firketimize a\u015fa\u011f\u0131daki e-posta adresi \u00fczerinden g\u00f6nderece\u011finiz e-posta mesaj\u0131 ile iletebilirsiniz: \u2026\u2026\u2026\u2026\u2026\u2026\u2026\u2026\u2026\u2026\u2026\u2026\u2026\u2026\u2026\u2026\u2026\u2026..<\/p>\n<p>&nbsp;<\/p>\n<p>Ba\u015fvurular\u0131n\u0131z, talebinizin niteli\u011fine g\u00f6re en k\u0131sa s\u00fcrede veya en ge\u00e7 otuz g\u00fcn i\u00e7inde \u00fccretsiz olarak sonu\u00e7land\u0131r\u0131lacak ancak talebiniz halinde Ki\u015fisel Verileri Koruma Kurulunca belirlenen tarifeye g\u00f6re \u00fccret \u00f6demeniz gerekecektir. ayr\u0131 bir maliyetle sonu\u00e7lan\u0131r.<\/p>\n<p>&nbsp;<\/p>\n<p><strong>G\u0130ZL\u0130L\u0130K POL\u0130T\u0130KASI DE\u011e\u0130\u015e\u0130KL\u0130KLER\u0130<\/strong><\/p>\n<p><strong> <\/strong><\/p>\n<p>Bu Gizlilik Politikas\u0131 periyodik olarak g\u00f6zden ge\u00e7irilebilir ve revize edilebilir. Web sitemizi kulland\u0131\u011f\u0131n\u0131zda, bu Gizlilik Politikas\u0131n\u0131 \u00f6nceden bildirimde bulunmaks\u0131z\u0131n de\u011fi\u015ftirme hakk\u0131m\u0131z\u0131n oldu\u011funu ve toplanan bilgi t\u00fcrlerinden, bu bilgileri nas\u0131l kulland\u0131\u011f\u0131m\u0131zdan ve bu bilgileri nas\u0131l kulland\u0131\u011f\u0131m\u0131zdan haberdar olman\u0131z\u0131 sa\u011flamak amac\u0131yla bu de\u011fi\u015fiklikleri bu sayfada yay\u0131nlayaca\u011f\u0131m\u0131z\u0131 \u00f6nceden kabul ve anlam\u0131\u015f olursunuz. bu t\u00fcr bilgileri hangi ko\u015fullar alt\u0131nda a\u00e7\u0131klayaca\u011f\u0131z. We shall publish the latest date of updating of this Confidentiality Policy on our website. Bu Gizlilik Politikas\u0131n\u0131n en son g\u00fcncellenme tarihini web sitemizde yay\u0131nlayaca\u011f\u0131z.<\/p>\n<p>&nbsp;<\/p>\n<p>Son G\u00fcncelleme Tarihi: 20.05.2021[\/vc_column_text][\/vc_column][\/vc_row]<\/p>\n<\/div>","protected":false},"excerpt":{"rendered":"<p>[vc_row][vc_column][vc_column_text]G\u0130ZL\u0130L\u0130K POL\u0130T\u0130KASI De\u011ferli Site Ziyaret\u00e7ilerimiz, M\u00fc\u015fterilerimiz ve \u00dcyelerimiz &nbsp; ________________________ (\u201cSorci ve Fofa\u201d ve\/ veya \u201c\u015eirketimi\u201d) olarak sizlerin, site ziyaret\u00e7ilerimizin, \u00fcyelerimizin ve m\u00fc\u015fterilerimizin (bundan b\u00f6yle \u201c\u0130lgili Ki\u015fi(ler) olarak an\u0131lacakt\u0131r) ki\u015fisel verilerinin a\u015fa\u011f\u0131da belirtilenler uyar\u0131nca i\u015flenmesine b\u00fcy\u00fck \u00f6nem vermekteyiz. 6698 say\u0131l\u0131 Ki\u015fisel Verilerin Korunmas\u0131 Kanunu (\u201cKanun\u201d) ve veri g\u00fcvenli\u011finin sa\u011flanmas\u0131. Bu do\u011frultuda Sorci ve Fofa ile [&hellip;]<\/p>\n","protected":false},"author":1,"featured_media":0,"parent":0,"menu_order":3,"comment_status":"closed","ping_status":"closed","template":"","meta":{"footnotes":""},"class_list":["post-7405","page","type-page","status-publish","hentry"],"_links":{"self":[{"href":"https:\/\/sorciandfofa.com\/tr\/wp-json\/wp\/v2\/pages\/7405"}],"collection":[{"href":"https:\/\/sorciandfofa.com\/tr\/wp-json\/wp\/v2\/pages"}],"about":[{"href":"https:\/\/sorciandfofa.com\/tr\/wp-json\/wp\/v2\/types\/page"}],"author":[{"embeddable":true,"href":"https:\/\/sorciandfofa.com\/tr\/wp-json\/wp\/v2\/users\/1"}],"replies":[{"embeddable":true,"href":"https:\/\/sorciandfofa.com\/tr\/wp-json\/wp\/v2\/comments?post=7405"}],"version-history":[{"count":2,"href":"https:\/\/sorciandfofa.com\/tr\/wp-json\/wp\/v2\/pages\/7405\/revisions"}],"predecessor-version":[{"id":7407,"href":"https:\/\/sorciandfofa.com\/tr\/wp-json\/wp\/v2\/pages\/7405\/revisions\/7407"}],"wp:attachment":[{"href":"https:\/\/sorciandfofa.com\/tr\/wp-json\/wp\/v2\/media?parent=7405"}],"curies":[{"name":"wp","href":"https:\/\/api.w.org\/{rel}","templated":true}]}}