{"id":7384,"date":"2020-06-09T03:28:24","date_gmt":"2020-06-09T00:28:24","guid":{"rendered":"http:\/\/sorciandfofa.com\/hakkimizda\/"},"modified":"2024-03-29T11:47:13","modified_gmt":"2024-03-29T08:47:13","slug":"hakkimizda","status":"publish","type":"page","link":"https:\/\/sorciandfofa.com\/tr\/hakkimizda\/","title":{"rendered":"HAKKIMIZDA"},"content":{"rendered":"<div class=\"wpb-content-wrapper\"><p>[vc_row content_placement=&#8221;middle&#8221; el_class=&#8221;px-0 mb-lg-5 pb-md-4&#8243;][vc_column animation_delay=&#8221;100&#8243; offset=&#8221;vc_col-md-6&#8243; css=&#8221;.vc_custom_1711617423366{padding-top: 33vh !important;padding-bottom: 33vh !important;background-image: url(http:\/\/sorciandfofa.com\/wp-content\/uploads\/2024\/03\/Sorciandfofa-11.jpg?id=6722) !important;background-position: center !important;background-repeat: no-repeat !important;background-size: cover !important;}&#8221; el_class=&#8221;section-right-triangle&#8221; animation_type=&#8221;fadeIn&#8221; conditional_render=&#8221;%5B%7B%22value_role%22%3A%22administrator%22%7D%5D&#8221;][\/vc_column][vc_column offset=&#8221;vc_col-md-6&#8243; el_class=&#8221;col-half-section col-fullwidth-md py-5 px-4 px-md-3&#8243;][vc_custom_heading text=&#8221;SORC\u0130 and FOFA&#8221; font_container=&#8221;tag:h3|font_size:1.8em|text_align:left|color:%23000000|line_height:1&#8243; use_theme_fonts=&#8221;yes&#8221; text_transform=&#8221;text-capitalize&#8221; animation_delay=&#8221;200&#8243; el_class=&#8221;mb-2&#8243; animation_type=&#8221;fadeInUp&#8221;][vc_custom_heading text=&#8221;&#8220;\u00c7ocuklar\u0131n L\u00fcks Moda Evi&#8220;<br \/>Sorci ve Fofa, anne ve k\u0131z\u0131 Hatice Akdari ve Burcu Akdari Toprak taraf\u0131ndan kurulan l\u00fcks \u00e7ocuk moda evi olarak yola \u00e7\u0131kt\u0131. Marka son d\u00f6nemde sadece \u00e7ocuklara de\u011fil gen\u00e7lere ve kad\u0131nlara da y\u00f6nelik tasar\u0131mlar yapmaya ba\u015flad\u0131. So Sorci ve Fofa \u00e7ocuklar, gen\u00e7ler ve kad\u0131nlara y\u00f6nelik L\u00fcks Moda Evi&#8217;dir.<\/p>\n<p>Marka, yerel T\u00fcrk kuma\u015f ve desenlerinin yan\u0131 s\u0131ra bir\u00e7ok \u00e7ok k\u00fclt\u00fcrl\u00fc tasar\u0131mdan ilham al\u0131yor. Kendi kurucular\u0131 taraf\u0131ndan en l\u00fcks ve kaliteli kuma\u015flarla tasarlanm\u0131\u015ft\u0131r.<\/p>\n<p>En se\u00e7kin kuma\u015flarla tasarlanan, birbirinden g\u00fczel detaylarla s\u00fcslenen Sorci ve Fofa, sizi ve en de\u011ferlilerinizi \u015fekillendiriyor.&#8221; font_container=&#8221;tag:p|text_align:left|color:%23000000&#8243; use_theme_fonts=&#8221;yes&#8221; animation_delay=&#8221;400&#8243; el_class=&#8221;mb-4&#8243; animation_type=&#8221;fadeInUp&#8221;][vc_row_inner][vc_column_inner width=&#8221;1\/2&#8243; offset=&#8221;vc_col-lg-6 vc_col-md-12&#8243;]<div class=\"porto-animation\"  data-appear-animation=\"fadeInUp\" data-appear-animation-delay=\"200\"><div class=\"porto-sicon-box  wpb_custom_1efe903570d178ff0a9b7bfa5febd3a4 style_1 default-icon\"><div class=\"porto-sicon-default\"><div class=\"porto-just-icon-wrapper porto-icon advanced\" style=\"color:#1b222a;border-style:solid;border-color:#333333;border-width:2px;width:20px;height:20px;line-height:20px;border-radius:50px;font-size:14px;\"><i class=\"fas fa-map-marker-alt\"><\/i><\/div><\/div><div class=\"porto-sicon-header\"><h3 class=\"porto-sicon-title\" style=\"\">Bursa - T\u00dcRK\u0130YE<\/h3><\/div> <!-- header --><\/div><!-- porto-sicon-box --><\/div><div class=\"porto-animation\"  data-appear-animation=\"fadeInUp\" data-appear-animation-delay=\"300\"><div class=\"porto-sicon-box  wpb_custom_1efe903570d178ff0a9b7bfa5febd3a4 style_1 default-icon\"><div class=\"porto-sicon-default\"><div class=\"porto-just-icon-wrapper porto-icon advanced\" style=\"color:#1b222a;border-style:solid;border-color:#333333;border-width:2px;width:20px;height:20px;line-height:20px;border-radius:50px;font-size:14px;\"><i class=\"fas fa-phone-volume\"><\/i><\/div><\/div><div class=\"porto-sicon-header\"><h3 class=\"porto-sicon-title\" style=\"\">+90 224 211 36 40<\/h3><\/div> <!-- header --><\/div><!-- porto-sicon-box --><\/div><div class=\"porto-animation\"  data-appear-animation=\"fadeInUp\" data-appear-animation-delay=\"400\"><a class=\"porto-sicon-box-link\" href=\"http:\/\/http\"><div class=\"porto-sicon-box  wpb_custom_1efe903570d178ff0a9b7bfa5febd3a4 style_1 default-icon\"><div class=\"porto-sicon-default\"><div class=\"porto-just-icon-wrapper porto-icon advanced\" style=\"color:#1b222a;border-style:solid;border-color:#333333;border-width:2px;width:20px;height:20px;line-height:20px;border-radius:50px;font-size:14px;\"><i class=\"far fa-envelope\"><\/i><\/div><\/div><div class=\"porto-sicon-header\"><h3 class=\"porto-sicon-title\" style=\"\">info@sorciandfofa.com<\/h3><\/div> <!-- header --><\/div><!-- porto-sicon-box --><\/a><\/div>[\/vc_column_inner][vc_column_inner width=&#8221;1\/2&#8243; offset=&#8221;vc_col-lg-6 vc_col-md-12&#8243;]<div class=\"porto-animation\"  data-appear-animation=\"fadeInUp\" data-appear-animation-delay=\"500\"><a class=\"porto-sicon-box-link\" href=\"https:\/\/www.facebook.com\/sorciandfofa\/\"><div class=\"porto-sicon-box  wpb_custom_1efe903570d178ff0a9b7bfa5febd3a4 style_1 default-icon\"><div class=\"porto-sicon-default\"><div class=\"porto-just-icon-wrapper porto-icon advanced\" style=\"color:#1b222a;border-style:solid;border-color:#333333;border-width:2px;width:20px;height:20px;line-height:20px;border-radius:50px;font-size:14px;\"><i class=\"fab fa-facebook-f\"><\/i><\/div><\/div><div class=\"porto-sicon-header\"><h3 class=\"porto-sicon-title\" style=\"\">Facebook<\/h3><\/div> <!-- header --><\/div><!-- porto-sicon-box --><\/a><\/div><div class=\"porto-animation\"  data-appear-animation=\"fadeInUp\" data-appear-animation-delay=\"600\"><a class=\"porto-sicon-box-link\" href=\"https:\/\/twitter.com\/sorciandfofa\"><div class=\"porto-sicon-box  wpb_custom_1efe903570d178ff0a9b7bfa5febd3a4 style_1 default-icon\"><div class=\"porto-sicon-default\"><div class=\"porto-just-icon-wrapper porto-icon advanced\" style=\"color:#1b222a;border-style:solid;border-color:#333333;border-width:2px;width:20px;height:20px;line-height:20px;border-radius:50px;font-size:14px;\"><i class=\"fab fa-twitter\"><\/i><\/div><\/div><div class=\"porto-sicon-header\"><h3 class=\"porto-sicon-title\" style=\"\">Twitter<\/h3><\/div> <!-- header --><\/div><!-- porto-sicon-box --><\/a><\/div><div class=\"porto-animation\"  data-appear-animation=\"fadeInUp\" data-appear-animation-delay=\"700\"><a class=\"porto-sicon-box-link\" href=\"https:\/\/www.instagram.com\/sorciandfofa\/\"><div class=\"porto-sicon-box  wpb_custom_1efe903570d178ff0a9b7bfa5febd3a4 style_1 default-icon\"><div class=\"porto-sicon-default\"><div class=\"porto-just-icon-wrapper porto-icon advanced\" style=\"color:#1b222a;border-style:solid;border-color:#333333;border-width:2px;width:20px;height:20px;line-height:20px;border-radius:50px;font-size:14px;\"><i class=\"fab fa-instagram\"><\/i><\/div><\/div><div class=\"porto-sicon-header\"><h3 class=\"porto-sicon-title\" style=\"\">Instagram<\/h3><\/div> <!-- header --><\/div><!-- porto-sicon-box --><\/a><\/div>[\/vc_column_inner][\/vc_row_inner][\/vc_column][\/vc_row]<\/p>\n<\/div>","protected":false},"excerpt":{"rendered":"<p>[vc_row content_placement=&#8221;middle&#8221; el_class=&#8221;px-0 mb-lg-5 pb-md-4&#8243;][vc_column animation_delay=&#8221;100&#8243; offset=&#8221;vc_col-md-6&#8243; css=&#8221;.vc_custom_1711617423366{padding-top: 33vh !important;padding-bottom: 33vh !important;background-image: url(http:\/\/sorciandfofa.com\/wp-content\/uploads\/2024\/03\/Sorciandfofa-11.jpg?id=6722) !important;background-position: center !important;background-repeat: no-repeat !important;background-size: cover !important;}&#8221; el_class=&#8221;section-right-triangle&#8221; animation_type=&#8221;fadeIn&#8221; conditional_render=&#8221;%5B%7B%22value_role%22%3A%22administrator%22%7D%5D&#8221;][\/vc_column][vc_column offset=&#8221;vc_col-md-6&#8243; el_class=&#8221;col-half-section col-fullwidth-md py-5 px-4 px-md-3&#8243;][vc_custom_heading text=&#8221;SORC\u0130 and FOFA&#8221; font_container=&#8221;tag:h3|font_size:1.8em|text_align:left|color:%23000000|line_height:1&#8243; use_theme_fonts=&#8221;yes&#8221; text_transform=&#8221;text-capitalize&#8221; animation_delay=&#8221;200&#8243; el_class=&#8221;mb-2&#8243; animation_type=&#8221;fadeInUp&#8221;][vc_custom_heading text=&#8221;&#8220;\u00c7ocuklar\u0131n L\u00fcks Moda Evi&#8220;Sorci ve Fofa, anne ve k\u0131z\u0131 Hatice Akdari ve Burcu Akdari Toprak taraf\u0131ndan kurulan [&hellip;]<\/p>\n","protected":false},"author":1,"featured_media":0,"parent":0,"menu_order":5,"comment_status":"closed","ping_status":"closed","template":"","meta":{"footnotes":""},"class_list":["post-7384","page","type-page","status-publish","hentry"],"_links":{"self":[{"href":"https:\/\/sorciandfofa.com\/tr\/wp-json\/wp\/v2\/pages\/7384"}],"collection":[{"href":"https:\/\/sorciandfofa.com\/tr\/wp-json\/wp\/v2\/pages"}],"about":[{"href":"https:\/\/sorciandfofa.com\/tr\/wp-json\/wp\/v2\/types\/page"}],"author":[{"embeddable":true,"href":"https:\/\/sorciandfofa.com\/tr\/wp-json\/wp\/v2\/users\/1"}],"replies":[{"embeddable":true,"href":"https:\/\/sorciandfofa.com\/tr\/wp-json\/wp\/v2\/comments?post=7384"}],"version-history":[{"count":1,"href":"https:\/\/sorciandfofa.com\/tr\/wp-json\/wp\/v2\/pages\/7384\/revisions"}],"predecessor-version":[{"id":7413,"href":"https:\/\/sorciandfofa.com\/tr\/wp-json\/wp\/v2\/pages\/7384\/revisions\/7413"}],"wp:attachment":[{"href":"https:\/\/sorciandfofa.com\/tr\/wp-json\/wp\/v2\/media?parent=7384"}],"curies":[{"name":"wp","href":"https:\/\/api.w.org\/{rel}","templated":true}]}}